{"id":651,"date":"2024-06-20T20:38:00","date_gmt":"2024-06-20T20:38:00","guid":{"rendered":"https:\/\/www.betreuungsteamreda.pl\/?page_id=651"},"modified":"2024-07-03T10:43:18","modified_gmt":"2024-07-03T10:43:18","slug":"premie-i-dodatki","status":"publish","type":"page","link":"https:\/\/www.betreuungsteamreda.pl\/?page_id=651","title":{"rendered":"Premie i dodatki"},"content":{"rendered":"\n<figure class=\"wp-block-pullquote has-base-font-size\" style=\"margin-top:var(--wp--preset--spacing--large);margin-bottom:var(--wp--preset--spacing--large);padding-top:var(--wp--preset--spacing--small);padding-bottom:var(--wp--preset--spacing--small)\"><blockquote><p>Doceniamy Twoje zaanga\u017cowanie i ci\u0119\u017ck\u0105 prac\u0119, dlatego oferujemy atrakcyjne wynagrodzenie dodatkowe na przejrzystych warunkach.<br>Ciesz si\u0119 dodatkowymi korzy\u015bciami, kt\u00f3re sprawiaj\u0105, \u017ce wsp\u00f3\u0142praca z nami jest jeszcze bardziej satysfakcjonuj\u0105ca.<\/p><\/blockquote><\/figure>\n\n\n\n<p class=\"has-text-align-center has-allura-font-family\" style=\"margin-bottom:var(--wp--preset--spacing--large);font-size:clamp(1.352rem, 1.352rem + ((1vw - 0.2rem) * 1.542), 2.2rem);\">Sprawd\u017a kiedy mo\u017cesz liczy\u0107 na wynagrodzenie dodatkowe:<\/p>\n\n\n\n<div class=\"wp-block-columns alignwide is-layout-flex wp-container-core-columns-is-layout-d2da2050 wp-block-columns-is-layout-flex\" style=\"margin-bottom:0\">\n<div class=\"wp-block-column is-vertically-aligned-center has-text-color has-background has-link-color wp-elements-62016b4b9664c41fde8d02dd09a719e9 is-layout-flow wp-block-column-is-layout-flow\" style=\"border-style:none;border-width:0px;color:#000000;background-color:#bad7f9;padding-top:2em;padding-right:2em;padding-bottom:2em;padding-left:2em;box-shadow:var(--wp--preset--shadow--natural)\">\n<h2 class=\"wp-block-heading has-text-align-center has-background-color has-text-color has-link-color wp-elements-5c26cc2487e4a031bdd720c0cb87b580\" id=\"single\" style=\"font-size:clamp(32.064px, 2.004rem + ((1vw - 3.2px) * 2.834), 57px);\"><strong>100 \u20ac<\/strong><\/h2>\n\n\n\n<p class=\"has-text-align-center has-black-color has-text-color has-link-color wp-elements-61d6be60d6fbfa6cf32f1ddf8887d714\" style=\"font-size:clamp(14px, 0.875rem + ((1vw - 3.2px) * 0.682), 20px);line-height:1.5\"><strong>POLECENIE KOLE\u017bANKI<\/strong><\/p>\n\n\n\n<hr class=\"wp-block-separator has-text-color has-css-opacity has-background is-style-wide\" style=\"background-color:#000000;color:#000000\"\/>\n\n\n\n<p class=\"has-text-align-center has-text-color has-link-color has-normal-font-size wp-elements-2e285c8f1bd6e635e31250127c7533ce\" style=\"color:#0a2f46\">* warunkiem otrzymania premii jest przepracowanie 30 dni zgodnie z umow\u0105<\/p>\n<\/div>\n\n\n\n<div class=\"wp-block-column is-vertically-aligned-center has-text-color has-background has-link-color wp-elements-c1801f84a87431eb93861cf44382a511 is-layout-flow wp-block-column-is-layout-flow\" style=\"color:#000000;background-color:#d4c2e6;padding-top:2em;padding-right:2em;padding-bottom:2em;padding-left:2em;box-shadow:var(--wp--preset--shadow--natural)\">\n<h2 class=\"wp-block-heading has-text-align-center has-background-color has-text-color has-link-color wp-elements-590311203e7e55e4e57fb919ec374cc1\" id=\"patron\" style=\"font-size:clamp(32.064px, 2.004rem + ((1vw - 3.2px) * 2.834), 57px);\"><strong>150 \u20ac<\/strong><\/h2>\n\n\n\n<p class=\"has-text-align-center\" style=\"font-size:clamp(14px, 0.875rem + ((1vw - 3.2px) * 0.682), 20px);\"><strong>PREMIA WAKACYJNA<\/strong><\/p>\n\n\n\n<hr class=\"wp-block-separator has-css-opacity is-style-wide\"\/>\n\n\n\n<p class=\"has-text-align-center has-text-color has-link-color has-normal-font-size wp-elements-b32abd02da3388d74bbe3bacd649856b\" style=\"color:#5a2e75\">*premia dotyczy miesi\u0119cy <strong>lipiec <\/strong>i <strong>sierpie\u0144<\/strong>. Warunkiem otrzymania premii jest przepracowanie  zlecenia zgodnie z umow\u0105.<\/p>\n<\/div>\n\n\n\n<div class=\"wp-block-column is-vertically-aligned-center has-text-color has-background has-link-color wp-elements-63d6b821ad182fba841c59f2f8c4ab60 is-layout-flow wp-block-column-is-layout-flow\" style=\"color:#000000;background-color:#fac2e3;padding-top:2em;padding-right:2em;padding-bottom:2em;padding-left:2em;box-shadow:var(--wp--preset--shadow--natural)\">\n<h2 class=\"wp-block-heading has-text-align-center has-background-color has-text-color has-link-color wp-elements-87314cd50bf72ba4050f94c286ccc0fb\" id=\"family\" style=\"font-size:clamp(32.064px, 2.004rem + ((1vw - 3.2px) * 2.834), 57px);\"><strong>150 \u20ac<\/strong><\/h2>\n\n\n\n<p class=\"has-text-align-center\" style=\"font-size:clamp(14px, 0.875rem + ((1vw - 3.2px) * 0.682), 20px);line-height:1.5\"><strong>POLECENIE RODZINY<\/strong><\/p>\n\n\n\n<hr class=\"wp-block-separator has-css-opacity is-style-wide\"\/>\n\n\n\n<p class=\"has-text-align-center has-text-color has-link-color has-normal-font-size wp-elements-5456aae6acf1c4e4306de1c7d5101ec9\" style=\"color:#6a2141\">*warunkiem otrzymania premii jest przepracowanie 30 dni zgodnie z umow\u0105<\/p>\n<\/div>\n<\/div>\n\n\n\n<div class=\"wp-block-group alignwide is-content-justification-center is-layout-flex wp-container-core-group-is-layout-54595bed wp-block-group-is-layout-flex\" style=\"padding-top:var(--wp--preset--spacing--x-small);padding-bottom:var(--wp--preset--spacing--x-small)\">\n<p class=\"has-text-align-center\" style=\"margin-right:0;margin-left:0;padding-right:0;padding-left:0;font-style:normal;font-weight:500\"><br><br>Masz w\u0105tpliwo\u015bci? Ch\u0119tnie odpowiemy na Twoje pytania:  <br><br><\/p>\n\n\n\n<div class=\"wp-block-buttons is-content-justification-center is-layout-flex wp-container-core-buttons-is-layout-098cc607 wp-block-buttons-is-layout-flex\">\n<div class=\"wp-block-button\"><a class=\"wp-block-button__link has-background-color has-text-color has-link-color wp-element-button\" href=\"https:\/\/www.betreuungsteamreda.pl\/?page_id=901\" style=\"padding-top:var(--wp--preset--spacing--x-small);padding-right:var(--wp--preset--spacing--medium);padding-bottom:var(--wp--preset--spacing--x-small);padding-left:var(--wp--preset--spacing--medium)\">NAPISZ<\/a><\/div>\n<\/div>\n<\/div>\n","protected":false},"excerpt":{"rendered":"<p>Doceniamy Twoje zaanga\u017cowanie i ci\u0119\u017ck\u0105 prac\u0119, dlatego oferujemy atrakcyjne wynagrodzenie dodatkowe na przejrzystych warunkach.Ciesz si\u0119 dodatkowymi korzy\u015bciami, kt\u00f3re sprawiaj\u0105, \u017ce wsp\u00f3\u0142praca z nami jest jeszcze bardziej satysfakcjonuj\u0105ca. Sprawd\u017a kiedy mo\u017cesz liczy\u0107 na wynagrodzenie dodatkowe: 100 \u20ac POLECENIE KOLE\u017bANKI * warunkiem otrzymania premii jest przepracowanie 30 dni zgodnie z umow\u0105 150 \u20ac PREMIA WAKACYJNA *premia dotyczy [&hellip;]<\/p>\n","protected":false},"author":1,"featured_media":0,"parent":0,"menu_order":0,"comment_status":"closed","ping_status":"closed","template":"","meta":{"footnotes":""},"class_list":["post-651","page","type-page","status-publish","hentry"],"_links":{"self":[{"href":"https:\/\/www.betreuungsteamreda.pl\/index.php?rest_route=\/wp\/v2\/pages\/651","targetHints":{"allow":["GET"]}}],"collection":[{"href":"https:\/\/www.betreuungsteamreda.pl\/index.php?rest_route=\/wp\/v2\/pages"}],"about":[{"href":"https:\/\/www.betreuungsteamreda.pl\/index.php?rest_route=\/wp\/v2\/types\/page"}],"author":[{"embeddable":true,"href":"https:\/\/www.betreuungsteamreda.pl\/index.php?rest_route=\/wp\/v2\/users\/1"}],"replies":[{"embeddable":true,"href":"https:\/\/www.betreuungsteamreda.pl\/index.php?rest_route=%2Fwp%2Fv2%2Fcomments&post=651"}],"version-history":[{"count":25,"href":"https:\/\/www.betreuungsteamreda.pl\/index.php?rest_route=\/wp\/v2\/pages\/651\/revisions"}],"predecessor-version":[{"id":933,"href":"https:\/\/www.betreuungsteamreda.pl\/index.php?rest_route=\/wp\/v2\/pages\/651\/revisions\/933"}],"wp:attachment":[{"href":"https:\/\/www.betreuungsteamreda.pl\/index.php?rest_route=%2Fwp%2Fv2%2Fmedia&parent=651"}],"curies":[{"name":"wp","href":"https:\/\/api.w.org\/{rel}","templated":true}]}}